{"id":799,"date":"2017-04-12T23:02:30","date_gmt":"2017-04-12T23:02:30","guid":{"rendered":"http:\/\/gcymabogados.com\/conozca-al-equipo\/"},"modified":"2025-08-18T22:41:06","modified_gmt":"2025-08-18T22:41:06","slug":"the-team","status":"publish","type":"page","link":"https:\/\/gcymabogados.com\/en\/the-team\/","title":{"rendered":"The Team"},"content":{"rendered":"[vc_row fullwidth=&#8221;true&#8221;][vc_column][mk_page_title_box page_title=&#8221;Meet the team&#8221; bg_image=&#8221;http:\/\/gcymabogados.com\/wp-content\/uploads\/2017\/04\/photo-25937.jpg&#8221; bg_position=&#8221;center center&#8221; bg_stretch=&#8221;true&#8221; overlay=&#8221;rgba(255,255,255,0.1)&#8221; bg_effects=&#8221;gradient&#8221; font_color=&#8221;#ffffff&#8221;][\/vc_column][\/vc_row][vc_section full_width=&#8221;stretch_row&#8221; css=&#8221;.vc_custom_1492039525387{padding-top: 80px !important;padding-bottom: 80px !important;}&#8221;][vc_row fullwidth=&#8221;true&#8221; fullwidth_content=&#8221;false&#8221; css=&#8221;.vc_custom_1492110345616{padding-bottom: 35px !important;}&#8221;][vc_column][mk_fancy_title size=&#8221;24&#8243; font_weight=&#8221;300&#8243; margin_bottom=&#8221;0&#8243; font_family=&#8221;Cinzel&#8221; font_type=&#8221;google&#8221; align=&#8221;center&#8221;]THE BACKGROUND AND EXPERIENCE OF GCYM\u2019S LAWYERS ARE DEMONSTRATED THROUGH THEIR ACADEMIC PREPARATION AND THEIR SPECIALIZATION IN THE PROVISION OF LEGAL SERVICES[\/mk_fancy_title][\/vc_column][\/vc_row][vc_row fullwidth=&#8221;true&#8221; fullwidth_content=&#8221;false&#8221; enable_first_overlay=&#8221;true&#8221; first_overlay_opacity=&#8221;100&#8243; first_background_color=&#8221;#eeedef&#8221; css=&#8221;.vc_custom_1492104936221{padding-top: 65px !important;padding-bottom: 65px !important;}&#8221;][vc_column width=&#8221;1\/4&#8243;][mk_image src=&#8221;http:\/\/gcymabogados.com\/wp-content\/uploads\/2025\/07\/img_1.jpg&#8221; image_size=&#8221;medium&#8221;][\/vc_column][vc_column width=&#8221;3\/4&#8243;][vc_row_inner][vc_column_inner width=&#8221;1\/2&#8243;][mk_fancy_title size=&#8221;22&#8243; font_weight=&#8221;300&#8243; margin_bottom=&#8221;0&#8243; font_family=&#8221;Cinzel&#8221; font_type=&#8221;google&#8221;]Manuel Gonz\u00e1lez Carrillo[\/mk_fancy_title][mk_highlight text=&#8221;Lawyer and Master in Law&#8221; text_color=&#8221;#ffffff&#8221; bg_color=&#8221;#888888&#8243;][mk_padding_divider size=&#8221;2&#8243;][mk_highlight text=&#8221; Professional License 536316&#8243; text_color=&#8221;#ffffff&#8221; bg_color=&#8221;#888888&#8243;]<div id=\"mpc_icon_list-9369d05d538470a\" class=\"mpc-icon-list mpc-init mpc-icon--left mpc-typography--preset_0 \"><ul class=\"mpc-list__ul\"><li class=\"mpc-list__item mpc-parent-hover mpc-transition\" data-index=\"0\"><div class=\"mpc-list__icon\"><div data-id=\"mpc_icon-369d05d538475b\" class=\"mpc-icon mpc-init mpc-transition mpc-effect-slide-up mpc-icon-hover \"><div class=\"mpc-icon-wrap\"><i class=\"mpc-icon-part mpc-regular mpc-transition  mfgi mfgi-mail\"><\/i><i class=\"mpc-icon-part mpc-hover mpc-transition  mfgi mfgi-mail\"><\/i><\/div><\/div><\/div><span class=\"mpc-list__title\">mgc@gcymabogados.com<\/span><\/li><\/ul><\/div>[\/vc_column_inner][vc_column_inner width=&#8221;1\/2&#8243;][mk_padding_divider size=&#8221;60&#8243;]<div id=\"mpc_icon_list-9469d05d53847c3\" class=\"mpc-icon-list mpc-init mpc-icon--left mpc-typography--preset_0 \"><ul class=\"mpc-list__ul\"><li class=\"mpc-list__item mpc-parent-hover mpc-transition\" data-index=\"0\"><div class=\"mpc-list__icon\"><div data-id=\"mpc_icon-4369d05d53847e6\" class=\"mpc-icon mpc-init mpc-transition mpc-effect-slide-up mpc-icon-hover \"><div class=\"mpc-icon-wrap\"><i class=\"mpc-icon-part mpc-regular mpc-transition  mi mi-gavel\"><\/i><i class=\"mpc-icon-part mpc-hover mpc-transition  mi mi-gavel\"><\/i><\/div><\/div><\/div><span class=\"mpc-list__title\">Academic and professional experience<\/span><\/li><\/ul><\/div>[vc_column_text]\n<ul>\n<li>Law Degree (Universidad Autonoma de San Luis Potosi)<\/li>\n<li>Master\u2019s Degree in Corporate Law (Universidad Anahuac)<\/li>\n<li>Professor at the Law Faculty of Universidad Autonoma de San Luis Potosi (Since 1974)<\/li>\n<li>Presiding Judge, founder of the Administrative Court (Tribunal de lo Contencioso Administrativo) (1993-1994)<\/li>\n<li>Presiding Judge, founder of the Administrative Court (Tribunal de lo Contencioso Administrativo) (1993-1994)<\/li>\n<li>Attorney General of the State of San Luis Potosi (2002-2003))<\/li>\n<li>President of the San Luis Potosi Rotary Club (1997-1998)<\/li>\n<li>Member of Patronato del Hogar del Ni\u00f1o, A.C)<\/li>\n<li>Member of Patronato del Instituto Cervantes en San Luis Potosi<\/li>\n<\/ul>\n[\/vc_column_text][\/vc_column_inner][\/vc_row_inner][\/vc_column][\/vc_row][vc_row fullwidth=&#8221;true&#8221; fullwidth_content=&#8221;false&#8221; enable_first_overlay=&#8221;true&#8221; first_overlay_opacity=&#8221;100&#8243; first_background_color=&#8221;#ffffff&#8221; css=&#8221;.vc_custom_1492107361585{padding-top: 65px !important;padding-bottom: 65px !important;}&#8221;][vc_column width=&#8221;1\/4&#8243;][mk_image src=&#8221;http:\/\/gcymabogados.com\/wp-content\/uploads\/2025\/07\/img_2.jpg&#8221; image_size=&#8221;medium&#8221;][\/vc_column][vc_column width=&#8221;3\/4&#8243;][vc_row_inner][vc_column_inner width=&#8221;1\/2&#8243;][mk_fancy_title size=&#8221;22&#8243; font_weight=&#8221;300&#8243; margin_bottom=&#8221;0&#8243; font_family=&#8221;Cinzel&#8221; font_type=&#8221;google&#8221;]Manuel Gonz\u00e1lez Matienzo[\/mk_fancy_title][mk_highlight text=&#8221;Lawyer and Master in Law &#8221; text_color=&#8221;#ffffff&#8221; bg_color=&#8221;#888888&#8243;][mk_padding_divider size=&#8221;2&#8243;][mk_highlight text=&#8221; Professional License 2797473&#8243; text_color=&#8221;#ffffff&#8221; bg_color=&#8221;#888888&#8243;]<div id=\"mpc_icon_list-6269d05d538482e\" class=\"mpc-icon-list mpc-init mpc-icon--left mpc-typography--preset_0 \"><ul class=\"mpc-list__ul\"><li class=\"mpc-list__item mpc-parent-hover mpc-transition\" data-index=\"0\"><div class=\"mpc-list__icon\"><div data-id=\"mpc_icon-6269d05d5384854\" class=\"mpc-icon mpc-init mpc-transition mpc-effect-slide-up mpc-icon-hover \"><div class=\"mpc-icon-wrap\"><i class=\"mpc-icon-part mpc-regular mpc-transition  mfgi mfgi-mail\"><\/i><i class=\"mpc-icon-part mpc-hover mpc-transition  mfgi mfgi-mail\"><\/i><\/div><\/div><\/div><span class=\"mpc-list__title\">mgm@gcymabogados.com<\/span><\/li><\/ul><\/div>[\/vc_column_inner][vc_column_inner width=&#8221;1\/2&#8243;][mk_padding_divider size=&#8221;60&#8243;]<div id=\"mpc_icon_list-4169d05d53848c0\" class=\"mpc-icon-list mpc-init mpc-icon--left mpc-typography--preset_0 \"><ul class=\"mpc-list__ul\"><li class=\"mpc-list__item mpc-parent-hover mpc-transition\" data-index=\"0\"><div class=\"mpc-list__icon\"><div data-id=\"mpc_icon-469d05d53848f0\" class=\"mpc-icon mpc-init mpc-transition mpc-effect-slide-up mpc-icon-hover \"><div class=\"mpc-icon-wrap\"><i class=\"mpc-icon-part mpc-regular mpc-transition  mi mi-gavel\"><\/i><i class=\"mpc-icon-part mpc-hover mpc-transition  mi mi-gavel\"><\/i><\/div><\/div><\/div><span class=\"mpc-list__title\">Academic and professional experience<\/span><\/li><\/ul><\/div>[vc_column_text]\n<ul>\n<li>Law Degree (Universidad del Centro de Mexico)<\/li>\n<li>Master\u2019s Degree in Constitutional and Amparo Law (Universidad Autonoma de San Luis Potosi)<\/li>\n<li>Master\u2019s Degree in Law Research (Universitat Abat Oliba, Barcelona, Spain)<\/li>\n<li>Doctorate in Law Research (Universidad Panamericana)<\/li>\n<li>Specialization in Corporate and Economic Law (Universidad Panamericana, Guadalajara campus)<\/li>\n<li>Postgraduate Studies in Newark University, Delaware, U.S.A. (American Law and Legal English Institute)<\/li>\n<li>Postgraduate Studies in Electoral Law (Universidad Nacional Autonoma de Mexico)<\/li>\n<li>Undergraduate and Postgraduate professor at several universities in related subjects to the specialty areas.<\/li>\n<li>Founding member of the Mexican Bar Association in San Luis Potosi (Barra Mexicana, Colegio de Abogados, A.C., Capitulo San Luis Potosi).<\/li>\n<li>Associate and Secretary of the Governing Body of Instituto Cervantes, A.C.<\/li>\n<li>Consultant at the Business Incubator Program of the Instituto Tecnologico de Monterrey and the Secretariat of Economy.<\/li>\n<li>Expert translator, certified by the Registry of Experts of the State of San Luis Potosi<\/li>\n<\/ul>\n[\/vc_column_text][\/vc_column_inner][\/vc_row_inner][\/vc_column][\/vc_row][vc_row fullwidth=&#8221;true&#8221; fullwidth_content=&#8221;false&#8221; enable_first_overlay=&#8221;true&#8221; first_overlay_opacity=&#8221;100&#8243; first_background_color=&#8221;#eeedef&#8221; css=&#8221;.vc_custom_1492104936221{padding-top: 65px !important;padding-bottom: 65px !important;}&#8221;][vc_column width=&#8221;1\/4&#8243;][mk_image src=&#8221;http:\/\/gcymabogados.com\/wp-content\/uploads\/2025\/07\/img_5.jpg&#8221; image_size=&#8221;medium&#8221;][\/vc_column][vc_column width=&#8221;3\/4&#8243;][vc_row_inner][vc_column_inner width=&#8221;1\/2&#8243;][mk_fancy_title size=&#8221;22&#8243; font_weight=&#8221;300&#8243; font_family=&#8221;Cinzel&#8221; font_type=&#8221;google&#8221;]Josu\u00e9 Sa\u00fal Silos Rodr\u00edguez\u00a0[\/mk_fancy_title][mk_highlight text=&#8221;Lawyer&#8221; text_color=&#8221;#ffffff&#8221;][mk_padding_divider size=&#8221;2&#8243;][mk_highlight text=&#8221; Professional License 6314762&#8243; text_color=&#8221;#ffffff&#8221;]<div id=\"mpc_icon_list-9769d05d5384937\" class=\"mpc-icon-list mpc-init mpc-icon--left mpc-typography--preset_0 \"><ul class=\"mpc-list__ul\"><li class=\"mpc-list__item mpc-parent-hover mpc-transition\" data-index=\"0\"><div class=\"mpc-list__icon\"><div data-id=\"mpc_icon-7069d05d5384954\" class=\"mpc-icon mpc-init mpc-transition mpc-effect-slide-up mpc-icon-hover \"><div class=\"mpc-icon-wrap\"><i class=\"mpc-icon-part mpc-regular mpc-transition  mfgi mfgi-mail\"><\/i><i class=\"mpc-icon-part mpc-hover mpc-transition  mfgi mfgi-mail\"><\/i><\/div><\/div><\/div><span class=\"mpc-list__title\">jssr@gcymabogados.com<\/span><\/li><\/ul><\/div>[\/vc_column_inner][vc_column_inner width=&#8221;1\/2&#8243;]<div id=\"mpc_icon_list-4569d05d5384992\" class=\"mpc-icon-list mpc-init mpc-icon--left mpc-typography--preset_0 \"><ul class=\"mpc-list__ul\"><li class=\"mpc-list__item mpc-parent-hover mpc-transition\" data-index=\"0\"><div class=\"mpc-list__icon\"><div data-id=\"mpc_icon-6369d05d53849af\" class=\"mpc-icon mpc-init mpc-transition mpc-effect-slide-up mpc-icon-hover \"><div class=\"mpc-icon-wrap\"><i class=\"mpc-icon-part mpc-regular mpc-transition  mi mi-gavel\"><\/i><i class=\"mpc-icon-part mpc-hover mpc-transition  mi mi-gavel\"><\/i><\/div><\/div><\/div><span class=\"mpc-list__title\">Academic and professional experience<\/span><\/li><\/ul><\/div>[vc_column_text]\n<ul>\n<li>Law Degree (Universidad Mesoamericana).<\/li>\n<li>Diploma Course in Individual Guarantees and Social Rights (Universidad Mesoamericana).<\/li>\n<li>Diploma Course in Criminalistics (Universidad Mesoamericana)<\/li>\n<li>Diploma Course in Oral Trials (Universidad Mesoamericana)<\/li>\n<li>Diploma Course in Alternate Means of Conflict Resolution (Universidad Mesoamericana)<\/li>\n<\/ul>\n[\/vc_column_text][\/vc_column_inner][\/vc_row_inner][\/vc_column][\/vc_row][vc_row fullwidth=&#8221;true&#8221; fullwidth_content=&#8221;false&#8221; enable_first_overlay=&#8221;true&#8221; first_overlay_opacity=&#8221;100&#8243; first_background_color=&#8221;#ffffff&#8221; css=&#8221;.vc_custom_1492108634623{padding-top: 65px !important;padding-bottom: 65px !important;}&#8221;][vc_column width=&#8221;1\/4&#8243;][mk_image src=&#8221;http:\/\/gcymabogados.com\/wp-content\/uploads\/2025\/07\/img_6.jpg&#8221; image_size=&#8221;medium&#8221;][\/vc_column][vc_column width=&#8221;3\/4&#8243;][vc_row_inner][vc_column_inner width=&#8221;1\/2&#8243;][mk_fancy_title size=&#8221;22&#8243; font_weight=&#8221;300&#8243; font_family=&#8221;Cinzel&#8221; font_type=&#8221;google&#8221;]Adriana Anah\u00ed Cerda \u00c1vila\u00a0[\/mk_fancy_title][mk_highlight text=&#8221;Lawyer&#8221; text_color=&#8221;#ffffff&#8221;][mk_padding_divider size=&#8221;2&#8243;][mk_highlight text=&#8221; Professional License 7424693&#8243; text_color=&#8221;#ffffff&#8221;]<div id=\"mpc_icon_list-7969d05d53849e9\" class=\"mpc-icon-list mpc-init mpc-icon--left mpc-typography--preset_0 \"><ul class=\"mpc-list__ul\"><li class=\"mpc-list__item mpc-parent-hover mpc-transition\" data-index=\"0\"><div class=\"mpc-list__icon\"><div data-id=\"mpc_icon-4369d05d5384a04\" class=\"mpc-icon mpc-init mpc-transition mpc-effect-slide-up mpc-icon-hover \"><div class=\"mpc-icon-wrap\"><i class=\"mpc-icon-part mpc-regular mpc-transition  mfgi mfgi-mail\"><\/i><i class=\"mpc-icon-part mpc-hover mpc-transition  mfgi mfgi-mail\"><\/i><\/div><\/div><\/div><span class=\"mpc-list__title\">aca@gcymabogados.com<\/span><\/li><\/ul><\/div>[\/vc_column_inner][vc_column_inner width=&#8221;1\/2&#8243;]<div id=\"mpc_icon_list-5069d05d5384a3e\" class=\"mpc-icon-list mpc-init mpc-icon--left mpc-typography--preset_0 \"><ul class=\"mpc-list__ul\"><li class=\"mpc-list__item mpc-parent-hover mpc-transition\" data-index=\"0\"><div class=\"mpc-list__icon\"><div data-id=\"mpc_icon-769d05d5384a59\" class=\"mpc-icon mpc-init mpc-transition mpc-effect-slide-up mpc-icon-hover \"><div class=\"mpc-icon-wrap\"><i class=\"mpc-icon-part mpc-regular mpc-transition  mi mi-gavel\"><\/i><i class=\"mpc-icon-part mpc-hover mpc-transition  mi mi-gavel\"><\/i><\/div><\/div><\/div><span class=\"mpc-list__title\">Academic and professional experience<\/span><\/li><\/ul><\/div>[vc_column_text]\n<ul>\n<li>Law Degree (Universidad Autonoma de San Luis Potosi)<\/li>\n<li>Diploma Course in Public, Private and Social Law as Thesis Alternative (Universidad Autonoma de San Luis Potosi)<\/li>\n<li>Professional Ethics Workshop (Barra Mexicana Colegio de Abogados AC Capitulo San Luis)<\/li>\n<\/ul>\n[\/vc_column_text][\/vc_column_inner][\/vc_row_inner][\/vc_column][\/vc_row][vc_row fullwidth=&#8221;true&#8221; fullwidth_content=&#8221;false&#8221; enable_first_overlay=&#8221;true&#8221; first_overlay_opacity=&#8221;100&#8243; first_background_color=&#8221;#ffffff&#8221; css=&#8221;.vc_custom_1492108634623{padding-top: 65px !important;padding-bottom: 65px !important;}&#8221;][vc_column width=&#8221;1\/4&#8243;][mk_image src=&#8221;http:\/\/gcymabogados.com\/wp-content\/uploads\/2025\/07\/img_4.jpg&#8221; image_size=&#8221;medium&#8221;][\/vc_column][vc_column width=&#8221;3\/4&#8243;][vc_row_inner][vc_column_inner width=&#8221;1\/2&#8243;][mk_fancy_title size=&#8221;22&#8243; font_weight=&#8221;300&#8243; font_family=&#8221;Cinzel&#8221; font_type=&#8221;google&#8221;]\n<p>Alejandro Parra Gonz\u00e1lez<\/p>\n[\/mk_fancy_title][mk_highlight text=&#8221;Lawyer&#8221; text_color=&#8221;#ffffff&#8221;][mk_padding_divider size=&#8221;2&#8243;][mk_highlight text=&#8221; Professional License 10916915&#8243; text_color=&#8221;#ffffff&#8221;]<div id=\"mpc_icon_list-5869d05d5384a8f\" class=\"mpc-icon-list mpc-init mpc-icon--left mpc-typography--preset_0 \"><ul class=\"mpc-list__ul\"><li class=\"mpc-list__item mpc-parent-hover mpc-transition\" data-index=\"0\"><div class=\"mpc-list__icon\"><div data-id=\"mpc_icon-9269d05d5384aaa\" class=\"mpc-icon mpc-init mpc-transition mpc-effect-slide-up mpc-icon-hover \"><div class=\"mpc-icon-wrap\"><i class=\"mpc-icon-part mpc-regular mpc-transition  mfgi mfgi-mail\"><\/i><i class=\"mpc-icon-part mpc-hover mpc-transition  mfgi mfgi-mail\"><\/i><\/div><\/div><\/div><span class=\"mpc-list__title\">apg@gcymabogados.com<\/span><\/li><\/ul><\/div>[\/vc_column_inner][vc_column_inner width=&#8221;1\/2&#8243;]<div id=\"mpc_icon_list-169d05d5384ae8\" class=\"mpc-icon-list mpc-init mpc-icon--left mpc-typography--preset_0 \"><ul class=\"mpc-list__ul\"><li class=\"mpc-list__item mpc-parent-hover mpc-transition\" data-index=\"0\"><div class=\"mpc-list__icon\"><div data-id=\"mpc_icon-7369d05d5384b03\" class=\"mpc-icon mpc-init mpc-transition mpc-effect-slide-up mpc-icon-hover \"><div class=\"mpc-icon-wrap\"><i class=\"mpc-icon-part mpc-regular mpc-transition  mi mi-gavel\"><\/i><i class=\"mpc-icon-part mpc-hover mpc-transition  mi mi-gavel\"><\/i><\/div><\/div><\/div><span class=\"mpc-list__title\">Academic and professional experience<\/span><\/li><\/ul><\/div>[vc_column_text]\n<ul>\n<li>Law Degree (Universidad Autonoma de San Luis Potosi)<\/li>\n<li>Specialty in Notarial Law 2017 (Universidad Autonoma de Queretaro)<\/li>\n<li>Course \u201cCompliance and Business Ethics, key factors to combat corruption\u201d (Asociaci\u00f3n Nacional de Abogados de Empresa Colegio de Abogados, Quer\u00e9taro, A.C. y Barra Queretana, Colegio de Abogados A.C.)<\/li>\n<li>Course \u201cCertified Specialist in Criminal Compliance\u201d (Centro de Estudios Jur\u00eddicos Carbonell) \u201cExpert in Criminal Compliance for Companies\u201d Certification (Centro de Estudios Jur\u00eddicos Carbonell)<\/li>\n<\/ul>\n[\/vc_column_text][\/vc_column_inner][\/vc_row_inner][\/vc_column][\/vc_row][vc_row fullwidth=&#8221;true&#8221; fullwidth_content=&#8221;false&#8221; enable_first_overlay=&#8221;true&#8221; first_overlay_opacity=&#8221;100&#8243; first_background_color=&#8221;#ffffff&#8221; css=&#8221;.vc_custom_1492108634623{padding-top: 65px !important;padding-bottom: 65px !important;}&#8221;][vc_column width=&#8221;1\/4&#8243;][mk_image src=&#8221;http:\/\/gcymabogados.com\/wp-content\/uploads\/2025\/07\/img_3.jpg&#8221; image_size=&#8221;medium&#8221;][\/vc_column][vc_column width=&#8221;3\/4&#8243;][vc_row_inner][vc_column_inner width=&#8221;1\/2&#8243;][mk_fancy_title size=&#8221;22&#8243; font_weight=&#8221;300&#8243; font_family=&#8221;Cinzel&#8221; font_type=&#8221;google&#8221;]\n<p>Eduardo \u00c1lvarez B\u00e1rcena<\/p>\n[\/mk_fancy_title][mk_highlight text=&#8221;Lawyer&#8221; text_color=&#8221;#ffffff&#8221;][mk_padding_divider size=&#8221;2&#8243;][mk_highlight text=&#8221; Professional License 10917045&#8243; text_color=&#8221;#ffffff&#8221;]<div id=\"mpc_icon_list-2669d05d5384b37\" class=\"mpc-icon-list mpc-init mpc-icon--left mpc-typography--preset_0 \"><ul class=\"mpc-list__ul\"><li class=\"mpc-list__item mpc-parent-hover mpc-transition\" data-index=\"0\"><div class=\"mpc-list__icon\"><div data-id=\"mpc_icon-9669d05d5384b51\" class=\"mpc-icon mpc-init mpc-transition mpc-effect-slide-up mpc-icon-hover \"><div class=\"mpc-icon-wrap\"><i class=\"mpc-icon-part mpc-regular mpc-transition  mfgi mfgi-mail\"><\/i><i class=\"mpc-icon-part mpc-hover mpc-transition  mfgi mfgi-mail\"><\/i><\/div><\/div><\/div><span class=\"mpc-list__title\">eab@gcymabogados.com<\/span><\/li><\/ul><\/div>[\/vc_column_inner][vc_column_inner width=&#8221;1\/2&#8243;]<div id=\"mpc_icon_list-1269d05d5384b84\" class=\"mpc-icon-list mpc-init mpc-icon--left mpc-typography--preset_0 \"><ul class=\"mpc-list__ul\"><li class=\"mpc-list__item mpc-parent-hover mpc-transition\" data-index=\"0\"><div class=\"mpc-list__icon\"><div data-id=\"mpc_icon-269d05d5384b9e\" class=\"mpc-icon mpc-init mpc-transition mpc-effect-slide-up mpc-icon-hover \"><div class=\"mpc-icon-wrap\"><i class=\"mpc-icon-part mpc-regular mpc-transition  mi mi-gavel\"><\/i><i class=\"mpc-icon-part mpc-hover mpc-transition  mi mi-gavel\"><\/i><\/div><\/div><\/div><span class=\"mpc-list__title\">Academic and professional experience<\/span><\/li><\/ul><\/div>[vc_column_text]\n<ul>\n<li>Bachelor of Law (Universidad Autonoma de San Luis Potosi)<\/li>\n<li>National Award for Excellence Performance EGEL (Centro Nacional de Evaluaci\u00f3n para la Educaci\u00f3n Superior A.C.)<\/li>\n<\/ul>\n[\/vc_column_text][\/vc_column_inner][\/vc_row_inner][\/vc_column][\/vc_row][vc_row][vc_column width=&#8221;1\/4&#8243;][mk_image src=&#8221;http:\/\/gcymabogados.com\/wp-content\/uploads\/2025\/07\/img_7.jpg&#8221; image_size=&#8221;medium&#8221;][\/vc_column][vc_column width=&#8221;3\/4&#8243;]<div id=\"mpc_icon_list-3469d05d5384bd0\" class=\"mpc-icon-list mpc-init mpc-icon--left mpc-typography--preset_0 \"><ul class=\"mpc-list__ul\"><li class=\"mpc-list__item mpc-parent-hover mpc-transition\" data-index=\"0\"><div class=\"mpc-list__icon\"><div data-id=\"mpc_icon-9669d05d5384be9\" class=\"mpc-icon mpc-init mpc-transition mpc-effect-slide-up mpc-icon-hover \"><div class=\"mpc-icon-wrap\"><i class=\"mpc-icon-part mpc-regular mpc-transition  mi mi-gavel\"><\/i><i class=\"mpc-icon-part mpc-hover mpc-transition  mi mi-gavel\"><\/i><\/div><\/div><\/div><span class=\"mpc-list__title\">Academic and professional experience<\/span><\/li><\/ul><\/div>[vc_row_inner][vc_column_inner width=&#8221;1\/2&#8243;][mk_fancy_title size=&#8221;22&#8243; font_weight=&#8221;300&#8243; font_family=&#8221;Cinzel&#8221; font_type=&#8221;google&#8221;]\n<p>Jes\u00fas Alberto Lim\u00f3n Castro<\/p>\n[\/mk_fancy_title][mk_highlight text=&#8221;Lawyer&#8221; text_color=&#8221;#ffffff&#8221; bg_color=&#8221;#888888&#8243;][mk_padding_divider size=&#8221;2&#8243;][mk_highlight text=&#8221; Professional License 7983934&#8243; text_color=&#8221;#ffffff&#8221;][\/vc_column_inner][vc_column_inner width=&#8221;1\/2&#8243;]<div id=\"mpc_icon_list-7469d05d5384c1a\" class=\"mpc-icon-list mpc-init mpc-icon--left mpc-typography--preset_0 \"><ul class=\"mpc-list__ul\"><li class=\"mpc-list__item mpc-parent-hover mpc-transition\" data-index=\"0\"><div class=\"mpc-list__icon\"><div data-id=\"mpc_icon-9669d05d5384c33\" class=\"mpc-icon mpc-init mpc-transition mpc-effect-slide-up mpc-icon-hover \"><div class=\"mpc-icon-wrap\"><i class=\"mpc-icon-part mpc-regular mpc-transition  mi mi-gavel\"><\/i><i class=\"mpc-icon-part mpc-hover mpc-transition  mi mi-gavel\"><\/i><\/div><\/div><\/div><span class=\"mpc-list__title\">Academic and professional experience<\/span><\/li><\/ul><\/div>[vc_column_text]\n<ul>\n<li><span dir=\"auto\">Bachelor of Laws (Universidad Mesoamericana San Luis Potos\u00ed)<\/span><\/li>\n<li><span dir=\"auto\">Diploma in Neurolinguistics and Public Speaking from the Universidad Mesoamericana San Luis Potos\u00ed.<\/span><\/li>\n<li><span dir=\"auto\">Diploma in the New Accusatory Criminal System from the Universidad Mesoamericana San Luis Potos\u00ed.<\/span><\/li>\n<li><span dir=\"auto\">Diploma in Alternative Conflict Resolution from the Universidad Mesoamericana San Luis Potos\u00ed.<\/span><\/li>\n<li><span dir=\"auto\">Intellectual Property Seminar by the Monterrey Institute of Technology and Higher Education, San Luis Potos\u00ed Campus, and the Mexican Bar Association, San Luis Potos\u00ed Chapter.<\/span><\/li>\n<li><span dir=\"auto\">Professional Ethics Workshop for Lawyers by the Monterrey Institute of Technology and Higher Education, San Luis Potos\u00ed Campus, and the Mexican Bar Association, San Luis Potos\u00ed Chapter.<\/span><\/li>\n<li><span dir=\"auto\">Course on Commercial Orality by the Institute of Judicial Studies of the State Judiciary and various bar associations.<\/span><\/li>\n<\/ul>\n<p>&nbsp;<\/p>\n<p>&nbsp;<\/p>\n<p>&nbsp;<\/p>\n<p>&nbsp;<\/p>\n[\/vc_column_text][\/vc_column_inner][\/vc_row_inner][\/vc_column][\/vc_row][\/vc_section]\n","protected":false},"excerpt":{"rendered":"<p>[vc_row fullwidth=&#8221;true&#8221;][vc_column][mk_page_title_box page_title=&#8221;Meet the team&#8221; bg_image=&#8221;http:\/\/gcymabogados.com\/wp-content\/uploads\/2017\/04\/photo-25937.jpg&#8221; bg_position=&#8221;center center&#8221; bg_stretch=&#8221;true&#8221; overlay=&#8221;rgba(255,255,255,0.1)&#8221; bg_effects=&#8221;gradient&#8221; font_color=&#8221;#ffffff&#8221;][\/vc_column][\/vc_row][vc_section full_width=&#8221;stretch_row&#8221; css=&#8221;.vc_custom_1492039525387{padding-top: 80px !important;padding-bottom: 80px !important;}&#8221;][vc_row fullwidth=&#8221;true&#8221; fullwidth_content=&#8221;false&#8221; css=&#8221;.vc_custom_1492110345616{padding-bottom: 35px !important;}&#8221;][vc_column][mk_fancy_title size=&#8221;24&#8243; font_weight=&#8221;300&#8243; margin_bottom=&#8221;0&#8243; font_family=&#8221;Cinzel&#8221; font_type=&#8221;google&#8221; align=&#8221;center&#8221;]THE BACKGROUND AND EXPERIENCE OF GCYM\u2019S LAWYERS ARE DEMONSTRATED THROUGH THEIR ACADEMIC PREPARATION AND THEIR SPECIALIZATION IN THE PROVISION OF LEGAL SERVICES[\/mk_fancy_title][\/vc_column][\/vc_row][vc_row fullwidth=&#8221;true&#8221; fullwidth_content=&#8221;false&#8221; enable_first_overlay=&#8221;true&#8221; first_overlay_opacity=&#8221;100&#8243; first_background_color=&#8221;#eeedef&#8221;<\/p>\n","protected":false},"author":1,"featured_media":0,"parent":0,"menu_order":0,"comment_status":"closed","ping_status":"closed","template":"","meta":{"footnotes":""},"class_list":["post-799","page","type-page","status-publish","hentry"],"_links":{"self":[{"href":"https:\/\/gcymabogados.com\/en\/wp-json\/wp\/v2\/pages\/799","targetHints":{"allow":["GET"]}}],"collection":[{"href":"https:\/\/gcymabogados.com\/en\/wp-json\/wp\/v2\/pages"}],"about":[{"href":"https:\/\/gcymabogados.com\/en\/wp-json\/wp\/v2\/types\/page"}],"author":[{"embeddable":true,"href":"https:\/\/gcymabogados.com\/en\/wp-json\/wp\/v2\/users\/1"}],"replies":[{"embeddable":true,"href":"https:\/\/gcymabogados.com\/en\/wp-json\/wp\/v2\/comments?post=799"}],"version-history":[{"count":32,"href":"https:\/\/gcymabogados.com\/en\/wp-json\/wp\/v2\/pages\/799\/revisions"}],"predecessor-version":[{"id":1774,"href":"https:\/\/gcymabogados.com\/en\/wp-json\/wp\/v2\/pages\/799\/revisions\/1774"}],"wp:attachment":[{"href":"https:\/\/gcymabogados.com\/en\/wp-json\/wp\/v2\/media?parent=799"}],"curies":[{"name":"wp","href":"https:\/\/api.w.org\/{rel}","templated":true}]}}